{"id":1141,"date":"2022-03-16T03:04:50","date_gmt":"2022-03-16T07:04:50","guid":{"rendered":"https:\/\/veneportal.com\/herramientas\/?page_id=1141"},"modified":"2022-11-08T16:51:02","modified_gmt":"2022-11-08T21:51:02","slug":"calculadoras","status":"publish","type":"page","link":"https:\/\/veneportal.com\/herramientas\/calculadoras\/","title":{"rendered":"Calculadoras"},"content":{"rendered":"\t\t<div data-elementor-type=\"wp-page\" data-elementor-id=\"1141\" class=\"elementor elementor-1141\">\n\t\t\t\t\t\t<section class=\"elementor-section elementor-top-section elementor-element elementor-element-395f6444 elementor-section-full_width elementor-section-content-middle elementor-section-stretched elementor-section-height-default elementor-section-height-default\" data-id=\"395f6444\" data-element_type=\"section\" data-e-type=\"section\" data-settings=\"{&quot;stretch_section&quot;:&quot;section-stretched&quot;,&quot;background_background&quot;:&quot;gradient&quot;}\">\n\t\t\t\t\t\t<div class=\"elementor-container elementor-column-gap-default\">\n\t\t\t\t\t<div class=\"elementor-column elementor-col-33 elementor-top-column elementor-element elementor-element-382e5c4d\" data-id=\"382e5c4d\" data-element_type=\"column\" data-e-type=\"column\">\n\t\t\t<div class=\"elementor-widget-wrap elementor-element-populated\">\n\t\t\t\t\t\t<div class=\"elementor-element elementor-element-2d9893bb elementor-widget elementor-widget-image\" data-id=\"2d9893bb\" data-element_type=\"widget\" data-e-type=\"widget\" data-widget_type=\"image.default\">\n\t\t\t\t<div class=\"elementor-widget-container\">\n\t\t\t\t\t\t\t\t\t\t\t\t\t\t\t\t<a href=\"https:\/\/veneportal.com\/\">\n\t\t\t\t\t\t\t<img fetchpriority=\"high\" decoding=\"async\" width=\"500\" height=\"100\" src=\"https:\/\/veneportal.com\/herramientas\/wp-content\/uploads\/sites\/8\/2022\/03\/veneportal-18-retina.png\" class=\"attachment-large size-large wp-image-1121\" alt=\"\" srcset=\"https:\/\/veneportal.com\/herramientas\/wp-content\/uploads\/sites\/8\/2022\/03\/veneportal-18-retina.png 500w, https:\/\/veneportal.com\/herramientas\/wp-content\/uploads\/sites\/8\/2022\/03\/veneportal-18-retina-300x60.png 300w\" sizes=\"(max-width: 500px) 100vw, 500px\" \/>\t\t\t\t\t\t\t\t<\/a>\n\t\t\t\t\t\t\t\t\t\t\t\t\t\t\t<\/div>\n\t\t\t\t<\/div>\n\t\t\t\t\t<\/div>\n\t\t<\/div>\n\t\t\t\t<div class=\"elementor-column elementor-col-33 elementor-top-column elementor-element elementor-element-78fd0c54\" data-id=\"78fd0c54\" data-element_type=\"column\" data-e-type=\"column\">\n\t\t\t<div class=\"elementor-widget-wrap elementor-element-populated\">\n\t\t\t\t\t\t<div class=\"elementor-element elementor-element-61e4b201 elementor-widget elementor-widget-ekit-nav-menu\" data-id=\"61e4b201\" data-element_type=\"widget\" data-e-type=\"widget\" data-widget_type=\"ekit-nav-menu.default\">\n\t\t\t\t<div class=\"elementor-widget-container\">\n\t\t\t\t\t\t\t<nav class=\"ekit-wid-con ekit_menu_responsive_tablet\"\n\t\t\tdata-hamburger-icon=\"\"\n\t\t\tdata-hamburger-icon-type=\"icon\"\n\t\t\tdata-responsive-breakpoint=\"1024\">\n\t\t\t            <button class=\"elementskit-menu-hamburger elementskit-menu-toggler\"  type=\"button\" aria-label=\"hamburger-icon\">\n                                    <span class=\"elementskit-menu-hamburger-icon\"><\/span><span class=\"elementskit-menu-hamburger-icon\"><\/span><span class=\"elementskit-menu-hamburger-icon\"><\/span>\n                            <\/button>\n            <div id=\"ekit-megamenu-main-menu\" class=\"elementskit-menu-container elementskit-menu-offcanvas-elements elementskit-navbar-nav-default ekit-nav-menu-one-page- ekit-nav-dropdown-hover\"><ul id=\"menu-main-menu\" class=\"elementskit-navbar-nav elementskit-menu-po-center submenu-click-on-icon\"><li id=\"menu-item-1366\" class=\"menu-item menu-item-type-custom menu-item-object-custom menu-item-home menu-item-1366 nav-item elementskit-mobile-builder-content\" data-vertical-menu=750px><a href=\"https:\/\/veneportal.com\/herramientas\/\" class=\"ekit-menu-nav-link\">Home<\/a><\/li>\n<li id=\"menu-item-1367\" class=\"menu-item menu-item-type-custom menu-item-object-custom menu-item-1367 nav-item elementskit-mobile-builder-content\" data-vertical-menu=750px><a href=\"https:\/\/veneportal.com\/noticias\/\" class=\"ekit-menu-nav-link\">Noticias<\/a><\/li>\n<li id=\"menu-item-1368\" class=\"menu-item menu-item-type-custom menu-item-object-custom menu-item-1368 nav-item elementskit-mobile-builder-content\" data-vertical-menu=750px><a href=\"https:\/\/veneportal.com\/Clasificados\/\" class=\"ekit-menu-nav-link\">Clasificados<\/a><\/li>\n<li id=\"menu-item-1369\" class=\"menu-item menu-item-type-custom menu-item-object-custom menu-item-1369 nav-item elementskit-mobile-builder-content\" data-vertical-menu=750px><a href=\"https:\/\/veneportal.com\/directorio\/\" class=\"ekit-menu-nav-link\">Directorio<\/a><\/li>\n<li id=\"menu-item-1370\" class=\"menu-item menu-item-type-custom menu-item-object-custom menu-item-1370 nav-item elementskit-mobile-builder-content\" data-vertical-menu=750px><a href=\"https:\/\/veneportal.com\/como-aparecer-en-google\/\" class=\"ekit-menu-nav-link\">Publicidad<\/a><\/li>\n<\/ul><div class=\"elementskit-nav-identity-panel\"><a class=\"elementskit-nav-logo\" href=\"https:\/\/veneportal.com\/herramientas\" target=\"\" rel=\"\"><img src=\"https:\/\/veneportal.com\/herramientas\/wp-content\/uploads\/sites\/8\/2022\/03\/Veneportal-18.png\" title=\"Veneportal-18.png\" alt=\"Veneportal-18.png\" decoding=\"async\" \/><\/a><button class=\"elementskit-menu-close elementskit-menu-toggler\" type=\"button\">X<\/button><\/div><\/div>\n\t\t\t<div class=\"elementskit-menu-overlay elementskit-menu-offcanvas-elements elementskit-menu-toggler ekit-nav-menu--overlay\"><\/div>        <\/nav>\n\t\t\t\t\t\t<\/div>\n\t\t\t\t<\/div>\n\t\t\t\t\t<\/div>\n\t\t<\/div>\n\t\t\t\t<div class=\"elementor-column elementor-col-33 elementor-top-column elementor-element elementor-element-f40dd8\" data-id=\"f40dd8\" data-element_type=\"column\" data-e-type=\"column\">\n\t\t\t<div class=\"elementor-widget-wrap elementor-element-populated\">\n\t\t\t\t\t\t<div class=\"elementor-element elementor-element-35cd393f elementor-widget__width-auto elementor-widget elementor-widget-elementskit-social-media\" data-id=\"35cd393f\" data-element_type=\"widget\" data-e-type=\"widget\" data-widget_type=\"elementskit-social-media.default\">\n\t\t\t\t<div class=\"elementor-widget-container\">\n\t\t\t\t\t<div class=\"ekit-wid-con\" >\t\t\t <ul class=\"ekit_social_media\">\n\t\t\t\t\t\t\t\t\t\t\t\t\t\t<li class=\"elementor-repeater-item-5eb0945\">\n\t\t\t\t\t    <a href=\"https:\/\/www.facebook.com\/veneportal\/\" aria-label=\"Facebook\" class=\"facebook\" target=\"_blank\" rel=\"noopener\">\n\t\t\t\t\t\t\t\n\t\t\t\t\t\t\t<i aria-hidden=\"true\" class=\"fasicon icon-facebook\"><\/i>\n                                                                                                            <\/a>\n                    <\/li>\n                    \t\t\t\t\t\t\t\t\t\t\t\t\t\t<li class=\"elementor-repeater-item-404d637\">\n\t\t\t\t\t    <a href=\"https:\/\/twitter.com\/veneportal?s=01\" aria-label=\"Twitter\" class=\"twitter\" target=\"_blank\" rel=\"noopener\">\n\t\t\t\t\t\t\t\n\t\t\t\t\t\t\t<i aria-hidden=\"true\" class=\"fasicon icon-twitter\"><\/i>\n                                                                                                            <\/a>\n                    <\/li>\n                    \t\t\t\t\t\t\t\t\t\t\t\t\t\t<li class=\"elementor-repeater-item-e2aa959\">\n\t\t\t\t\t    <a href=\"https:\/\/www.instagram.com\/veneportal\/\" aria-label=\"Instagram\" class=\"instagram\" target=\"_blank\" rel=\"noopener\">\n\t\t\t\t\t\t\t\n\t\t\t\t\t\t\t<i aria-hidden=\"true\" class=\"fab fa-instagram\"><\/i>\n                                                                                                            <\/a>\n                    <\/li>\n                    \t\t\t\t\t\t\t\t\t\t\t\t\t\t<li class=\"elementor-repeater-item-e9f752e\">\n\t\t\t\t\t    <a href=\"https:\/\/www.youtube.com\/channel\/UCaGfJakn8vALD2uQkz-oj9A\" aria-label=\"Youtube\" class=\"youtube\" target=\"_blank\" rel=\"noopener\">\n\t\t\t\t\t\t\t\n\t\t\t\t\t\t\t<i aria-hidden=\"true\" class=\"fab fa-youtube\"><\/i>\n                                                                                                            <\/a>\n                    <\/li>\n                    \t\t\t\t\t\t\t<\/ul>\n\t\t<\/div>\t\t\t\t<\/div>\n\t\t\t\t<\/div>\n\t\t\t\t\t<\/div>\n\t\t<\/div>\n\t\t\t\t\t<\/div>\n\t\t<\/section>\n\t\t\t\t<section class=\"elementor-section elementor-top-section elementor-element elementor-element-34f732c0 elementor-section-boxed elementor-section-height-default elementor-section-height-default\" data-id=\"34f732c0\" data-element_type=\"section\" data-e-type=\"section\">\n\t\t\t\t\t\t<div class=\"elementor-container elementor-column-gap-default\">\n\t\t\t\t\t<div class=\"elementor-column elementor-col-100 elementor-top-column elementor-element elementor-element-4996d958\" data-id=\"4996d958\" data-element_type=\"column\" data-e-type=\"column\">\n\t\t\t<div class=\"elementor-widget-wrap elementor-element-populated\">\n\t\t\t\t\t\t<section class=\"elementor-section elementor-inner-section elementor-element elementor-element-2ea340be elementor-section-boxed elementor-section-height-default elementor-section-height-default\" data-id=\"2ea340be\" data-element_type=\"section\" data-e-type=\"section\">\n\t\t\t\t\t\t<div class=\"elementor-container elementor-column-gap-default\">\n\t\t\t\t\t<div class=\"elementor-column elementor-col-100 elementor-inner-column elementor-element elementor-element-79285493\" data-id=\"79285493\" data-element_type=\"column\" data-e-type=\"column\">\n\t\t\t<div class=\"elementor-widget-wrap elementor-element-populated\">\n\t\t\t\t\t\t<div class=\"elementor-element elementor-element-215b8e05 elementor-widget elementor-widget-elementskit-heading\" data-id=\"215b8e05\" data-element_type=\"widget\" data-e-type=\"widget\" data-widget_type=\"elementskit-heading.default\">\n\t\t\t\t<div class=\"elementor-widget-container\">\n\t\t\t\t\t<div class=\"ekit-wid-con\" ><div class=\"ekit-heading elementskit-section-title-wraper center   ekit_heading_tablet-   ekit_heading_mobile-\"><h2 class=\"ekit-heading--title elementskit-section-title \">Calculadoras gratuitas<\/h2><div class=\"ekit_heading_separetor_wraper ekit_heading_elementskit-border-divider ekit-dotted\"><div class=\"elementskit-border-divider ekit-dotted\"><\/div><\/div>\t\t\t\t<div class='ekit-heading__description'>\n\t\t\t\t\t<p><span style=\"font-weight: 400\">Escoja la calculadora que necesite<\/span><\/p>\n\t\t\t\t<\/div>\n\t\t\t<\/div><\/div>\t\t\t\t<\/div>\n\t\t\t\t<\/div>\n\t\t\t\t\t<\/div>\n\t\t<\/div>\n\t\t\t\t\t<\/div>\n\t\t<\/section>\n\t\t\t\t<section class=\"elementor-section elementor-inner-section elementor-element elementor-element-dece81a elementor-section-boxed elementor-section-height-default elementor-section-height-default\" data-id=\"dece81a\" data-element_type=\"section\" data-e-type=\"section\">\n\t\t\t\t\t\t<div class=\"elementor-container elementor-column-gap-default\">\n\t\t\t\t\t<div class=\"elementor-column elementor-col-33 elementor-inner-column elementor-element elementor-element-5dc5ab7a\" data-id=\"5dc5ab7a\" data-element_type=\"column\" data-e-type=\"column\">\n\t\t\t<div class=\"elementor-widget-wrap elementor-element-populated\">\n\t\t\t\t\t\t<div class=\"elementor-element elementor-element-63883b55 ekit-equal-height-disable elementor-widget elementor-widget-elementskit-image-box\" data-id=\"63883b55\" data-element_type=\"widget\" data-e-type=\"widget\" data-widget_type=\"elementskit-image-box.default\">\n\t\t\t\t<div class=\"elementor-widget-container\">\n\t\t\t\t\t<div class=\"ekit-wid-con\" >\n            <div class=\"elementskit-info-image-box ekit-image-box text-center simple-card\" >\n\n                <a href=\"https:\/\/veneportal.com\/herramientas\/calcular-un-prestamo\/\">\n                <div class=\"elementskit-box-header image-box-img-center\">\n\n                    <img decoding=\"async\" width=\"500\" height=\"500\" src=\"https:\/\/veneportal.com\/herramientas\/wp-content\/uploads\/sites\/8\/2022\/03\/calcular-un-prestamo.jpg\" class=\"attachment-full size-full wp-image-1227\" alt=\"calcular un prestamo\" srcset=\"https:\/\/veneportal.com\/herramientas\/wp-content\/uploads\/sites\/8\/2022\/03\/calcular-un-prestamo.jpg 500w, https:\/\/veneportal.com\/herramientas\/wp-content\/uploads\/sites\/8\/2022\/03\/calcular-un-prestamo-300x300.jpg 300w, https:\/\/veneportal.com\/herramientas\/wp-content\/uploads\/sites\/8\/2022\/03\/calcular-un-prestamo-150x150.jpg 150w\" sizes=\"(max-width: 500px) 100vw, 500px\" \/>\n                <\/div>\n                <\/a>\n                <div class=\"elementskit-box-body ekit-image-box-body\">\n                    <div class=\"elementskit-box-content ekit-image-box-body-inner\">\n                                                <h3 class=\"elementskit-info-box-title\">\n\n                        Calcular un pr\u00e9stamo\n                        \n                    <\/h3>\n                                                            <div class=\"elementskit-box-style-content\">\n                        Calculadora para determinar el pago mensual de un pr\u00e9stamo, indicando el monto inicial, tasa de inter\u00e9s y tiempo del pr\u00e9stamo.                    <\/div>\n                                    <\/div>\n\n                                <div class=\"elementskit-box-footer\">\n                    <div class=\"box-footer\">\n                        <div class=\"btn-wraper\">\n                                                            <a href=\"https:\/\/veneportal.com\/herramientas\/calcular-un-prestamo\/\" class=\"elementskit-btn whitespace--normal\">\n                                    \n                                    \n                                    Calcular                                <\/a>\n                                                        <\/div>\n                    <\/div>\n                <\/div>\n                            <\/div>\n            <\/div>\n    <\/div>\t\t\t\t<\/div>\n\t\t\t\t<\/div>\n\t\t\t\t\t<\/div>\n\t\t<\/div>\n\t\t\t\t<div class=\"elementor-column elementor-col-33 elementor-inner-column elementor-element elementor-element-3d8493ed\" data-id=\"3d8493ed\" data-element_type=\"column\" data-e-type=\"column\">\n\t\t\t<div class=\"elementor-widget-wrap elementor-element-populated\">\n\t\t\t\t\t\t<div class=\"elementor-element elementor-element-31cffdf2 ekit-equal-height-disable elementor-widget elementor-widget-elementskit-image-box\" data-id=\"31cffdf2\" data-element_type=\"widget\" data-e-type=\"widget\" data-widget_type=\"elementskit-image-box.default\">\n\t\t\t\t<div class=\"elementor-widget-container\">\n\t\t\t\t\t<div class=\"ekit-wid-con\" >\n            <div class=\"elementskit-info-image-box ekit-image-box text-center simple-card\" >\n\n                \n                <div class=\"elementskit-box-header image-box-img-center\">\n\n                    <img decoding=\"async\" width=\"500\" height=\"500\" src=\"https:\/\/veneportal.com\/herramientas\/wp-content\/uploads\/sites\/8\/2022\/03\/calculadora-de-costos.jpg\" class=\"attachment-full size-full wp-image-1239\" alt=\"calculadora de costos\" srcset=\"https:\/\/veneportal.com\/herramientas\/wp-content\/uploads\/sites\/8\/2022\/03\/calculadora-de-costos.jpg 500w, https:\/\/veneportal.com\/herramientas\/wp-content\/uploads\/sites\/8\/2022\/03\/calculadora-de-costos-300x300.jpg 300w, https:\/\/veneportal.com\/herramientas\/wp-content\/uploads\/sites\/8\/2022\/03\/calculadora-de-costos-150x150.jpg 150w\" sizes=\"(max-width: 500px) 100vw, 500px\" \/>\n                <\/div>\n                \n                <div class=\"elementskit-box-body ekit-image-box-body\">\n                    <div class=\"elementskit-box-content ekit-image-box-body-inner\">\n                                                <h3 class=\"elementskit-info-box-title\">\n\n                        Calculadora de costos\n                        \n                    <\/h3>\n                                                            <div class=\"elementskit-box-style-content\">\n                        Calcular los costos de un negocio, indicando los renglones mas comunes para el arranque                    <\/div>\n                                    <\/div>\n\n                                <div class=\"elementskit-box-footer\">\n                    <div class=\"box-footer\">\n                        <div class=\"btn-wraper\">\n                                                            <a href=\"#\" class=\"elementskit-btn whitespace--normal\">\n                                    \n                                    \n                                    Calcular                                <\/a>\n                                                        <\/div>\n                    <\/div>\n                <\/div>\n                            <\/div>\n            <\/div>\n    <\/div>\t\t\t\t<\/div>\n\t\t\t\t<\/div>\n\t\t\t\t\t<\/div>\n\t\t<\/div>\n\t\t\t\t<div class=\"elementor-column elementor-col-33 elementor-inner-column elementor-element elementor-element-49cc7b8b\" data-id=\"49cc7b8b\" data-element_type=\"column\" data-e-type=\"column\">\n\t\t\t<div class=\"elementor-widget-wrap elementor-element-populated\">\n\t\t\t\t\t\t<div class=\"elementor-element elementor-element-3bbda495 ekit-equal-height-disable elementor-widget elementor-widget-elementskit-image-box\" data-id=\"3bbda495\" data-element_type=\"widget\" data-e-type=\"widget\" data-widget_type=\"elementskit-image-box.default\">\n\t\t\t\t<div class=\"elementor-widget-container\">\n\t\t\t\t\t<div class=\"ekit-wid-con\" >\n            <div class=\"elementskit-info-image-box ekit-image-box text-center simple-card\" >\n\n                <a href=\"https:\/\/veneportal.com\/herramientas\/tasas-de-cambio\/\">\n                <div class=\"elementskit-box-header image-box-img-center\">\n\n                    <img loading=\"lazy\" decoding=\"async\" width=\"500\" height=\"500\" src=\"https:\/\/veneportal.com\/herramientas\/wp-content\/uploads\/sites\/8\/2022\/03\/tasa-de-cambio.jpg\" class=\"attachment-full size-full wp-image-1247\" alt=\"tasa de cambio\" srcset=\"https:\/\/veneportal.com\/herramientas\/wp-content\/uploads\/sites\/8\/2022\/03\/tasa-de-cambio.jpg 500w, https:\/\/veneportal.com\/herramientas\/wp-content\/uploads\/sites\/8\/2022\/03\/tasa-de-cambio-300x300.jpg 300w, https:\/\/veneportal.com\/herramientas\/wp-content\/uploads\/sites\/8\/2022\/03\/tasa-de-cambio-150x150.jpg 150w\" sizes=\"(max-width: 500px) 100vw, 500px\" \/>\n                <\/div>\n                <\/a>\n                <div class=\"elementskit-box-body ekit-image-box-body\">\n                    <div class=\"elementskit-box-content ekit-image-box-body-inner\">\n                                                <h3 class=\"elementskit-info-box-title\">\n\n                        Tasas de cambio\n                        \n                    <\/h3>\n                                                            <div class=\"elementskit-box-style-content\">\n                        Tasas de cambio de todo el mundo con respecto al D\u00f3lar Estadounidense                    <\/div>\n                                    <\/div>\n\n                                <div class=\"elementskit-box-footer\">\n                    <div class=\"box-footer\">\n                        <div class=\"btn-wraper\">\n                                                            <a href=\"https:\/\/veneportal.com\/herramientas\/tasas-de-cambio\/\" class=\"elementskit-btn whitespace--normal\">\n                                    \n                                    \n                                    Tasas de cambio                                <\/a>\n                                                        <\/div>\n                    <\/div>\n                <\/div>\n                            <\/div>\n            <\/div>\n    <\/div>\t\t\t\t<\/div>\n\t\t\t\t<\/div>\n\t\t\t\t\t<\/div>\n\t\t<\/div>\n\t\t\t\t\t<\/div>\n\t\t<\/section>\n\t\t\t\t\t<\/div>\n\t\t<\/div>\n\t\t\t\t\t<\/div>\n\t\t<\/section>\n\t\t\t\t<\/div>\n\t\t","protected":false},"excerpt":{"rendered":"<p>Home Noticias Clasificados Directorio Publicidad X Calculadoras gratuitas Escoja la calculadora que necesite Calcular un pr\u00e9stamo Calculadora para determinar el pago mensual de un pr\u00e9stamo, indicando el monto inicial, tasa de inter\u00e9s y tiempo del pr\u00e9stamo. Calcular Calculadora de costos Calcular los costos de un negocio, indicando los renglones mas comunes para el arranque Calcular [&hellip;]<\/p>\n","protected":false},"author":1,"featured_media":0,"parent":0,"menu_order":0,"comment_status":"closed","ping_status":"closed","template":"elementor_canvas","meta":{"footnotes":""},"class_list":["post-1141","page","type-page","status-publish","hentry"],"_links":{"self":[{"href":"https:\/\/veneportal.com\/herramientas\/wp-json\/wp\/v2\/pages\/1141","targetHints":{"allow":["GET"]}}],"collection":[{"href":"https:\/\/veneportal.com\/herramientas\/wp-json\/wp\/v2\/pages"}],"about":[{"href":"https:\/\/veneportal.com\/herramientas\/wp-json\/wp\/v2\/types\/page"}],"author":[{"embeddable":true,"href":"https:\/\/veneportal.com\/herramientas\/wp-json\/wp\/v2\/users\/1"}],"replies":[{"embeddable":true,"href":"https:\/\/veneportal.com\/herramientas\/wp-json\/wp\/v2\/comments?post=1141"}],"version-history":[{"count":50,"href":"https:\/\/veneportal.com\/herramientas\/wp-json\/wp\/v2\/pages\/1141\/revisions"}],"predecessor-version":[{"id":1504,"href":"https:\/\/veneportal.com\/herramientas\/wp-json\/wp\/v2\/pages\/1141\/revisions\/1504"}],"wp:attachment":[{"href":"https:\/\/veneportal.com\/herramientas\/wp-json\/wp\/v2\/media?parent=1141"}],"curies":[{"name":"wp","href":"https:\/\/api.w.org\/{rel}","templated":true}]}}