{"id":2363,"date":"2018-07-06T09:38:50","date_gmt":"2018-07-06T09:38:50","guid":{"rendered":"https:\/\/www.radiustheme.com\/demo\/wordpress\/themes\/classima\/listing-form\/"},"modified":"2023-01-04T01:23:26","modified_gmt":"2023-01-04T06:23:26","slug":"post-an-ad","status":"publish","type":"page","link":"https:\/\/veneportal.com\/clasificados\/post-an-ad\/","title":{"rendered":"Post an Ad"},"content":{"rendered":"\t\t<div data-elementor-type=\"wp-page\" data-elementor-id=\"2363\" class=\"elementor elementor-2363\">\n\t\t\t\t\t\t<section class=\"elementor-section elementor-top-section elementor-element elementor-element-3c727710 elementor-section-boxed elementor-section-height-default elementor-section-height-default\" data-id=\"3c727710\" data-element_type=\"section\" data-e-type=\"section\">\n\t\t\t\t\t\t<div class=\"elementor-container elementor-column-gap-default\">\n\t\t\t\t\t<div class=\"elementor-column elementor-col-100 elementor-top-column elementor-element elementor-element-386ded8d\" data-id=\"386ded8d\" data-element_type=\"column\" data-e-type=\"column\">\n\t\t\t<div class=\"elementor-widget-wrap elementor-element-populated\">\n\t\t\t\t\t\t<div class=\"elementor-element elementor-element-878ce94 elementor-widget elementor-widget-elementskit-simple-tab\" data-id=\"878ce94\" data-element_type=\"widget\" data-e-type=\"widget\" data-widget_type=\"elementskit-simple-tab.default\">\n\t\t\t\t<div class=\"elementor-widget-container\">\n\t\t\t\t\t<div class=\"ekit-wid-con\" >        <div class=\"elementkit-tab-wraper   elementskit-fitcontent-tab \">\n            <ul class=\"nav nav-tabs elementkit-tab-nav \">\n                                    <li class=\"elementkit-nav-item elementor-repeater-item-c49129c\">\n                        <a class=\"elementkit-nav-link  active show left-pos\" id=\"content-c49129c69e4408d19b93-tab\" data-ekit-handler-id=\"no-permitidos\" data-ekit-toggle=\"tab\" data-target=\"#content-c49129c69e4408d19b93\" href=\"#Content-c49129c69e4408d19b93\"\n                            data-ekit-toggle-trigger=\"click\"\n                            aria-describedby=\"Content-c49129c69e4408d19b93\">\n                            <span class=\"elementskit-tab-icon\"><i class=\"fas fa-not-equal\"><\/i><\/span>                            <span class=\"elementskit-tab-title\">No permitidos<\/span>\n                        <\/a>\n                    <\/li>\n                                        <li class=\"elementkit-nav-item elementor-repeater-item-091efbc\">\n                        <a class=\"elementkit-nav-link  active show left-pos\" id=\"content-091efbc69e4408d19b93-tab\" data-ekit-handler-id=\"registrarse\" data-ekit-toggle=\"tab\" data-target=\"#content-091efbc69e4408d19b93\" href=\"#Content-091efbc69e4408d19b93\"\n                            data-ekit-toggle-trigger=\"click\"\n                            aria-describedby=\"Content-091efbc69e4408d19b93\">\n                            <span class=\"elementskit-tab-icon\"><i class=\"icon icon-user-registration\"><\/i><\/span>                            <span class=\"elementskit-tab-title\">Registrarse<\/span>\n                        <\/a>\n                    <\/li>\n                                        <li class=\"elementkit-nav-item elementor-repeater-item-ea4ebe6\">\n                        <a class=\"elementkit-nav-link  left-pos\" id=\"content-ea4ebe669e4408d19b93-tab\" data-ekit-handler-id=\"gratis\" data-ekit-toggle=\"tab\" data-target=\"#content-ea4ebe669e4408d19b93\" href=\"#Content-ea4ebe669e4408d19b93\"\n                            data-ekit-toggle-trigger=\"click\"\n                            aria-describedby=\"Content-ea4ebe669e4408d19b93\">\n                            <span class=\"elementskit-tab-icon\"><i class=\"fas fa-comment-dollar\"><\/i><\/span>                            <span class=\"elementskit-tab-title\">Gratis<\/span>\n                        <\/a>\n                    <\/li>\n                                        <li class=\"elementkit-nav-item elementor-repeater-item-74ea57f\">\n                        <a class=\"elementkit-nav-link  left-pos\" id=\"content-74ea57f69e4408d19b93-tab\" data-ekit-handler-id=\"-gane-dinero\" data-ekit-toggle=\"tab\" data-target=\"#content-74ea57f69e4408d19b93\" href=\"#Content-74ea57f69e4408d19b93\"\n                            data-ekit-toggle-trigger=\"click\"\n                            aria-describedby=\"Content-74ea57f69e4408d19b93\">\n                            <span class=\"elementskit-tab-icon\"><i class=\"icon icon-money-bag\"><\/i><\/span>                            <span class=\"elementskit-tab-title\"> Gane dinero<\/span>\n                        <\/a>\n                    <\/li>\n                                <\/ul>\n\n            <div class=\"tab-content elementkit-tab-content\">\n                                    <div class=\"tab-pane elementkit-tab-pane elementor-repeater-item-c49129c  active show\" id=\"content-c49129c69e4408d19b93\" role=\"tabpanel\"\n                         aria-labelledby=\"content-c49129c69e4408d19b93-tab\">\n                        <div class=\"animated fadeIn\">\n                            <p><span style=\"color: #ff0000;\">PROHIBITED:<\/span>\u00a0 CHEMICAL PRODUCTS, MEDICINES, ABORTION PILLS, ILLICIT DRUGS, MAGIC, SPELLS, SORCERY OR WITCHCRAFT SERVICES, SEX ADS AND OTHER ILLEGAL ITEMS ARE PROHIBITED AND WILL BE DELETED IMMEDIATELY AND USERS SUSPENDED. <a href=\"https:\/\/veneportal.com\/terminos-y-condiciones\/\">More Info: See Terms<\/a><\/p><p>ATENCION: No se permiten anuncios de:\u00a0 contenido sexual, pornogr\u00e1fico, xenof\u00f3bico,\u00a0 discriminatorios de cualquier tipo como por ejemplo por raza, credo o origen nacional, promoci\u00f3n de la prostituci\u00f3n,\u00a0 que promuevan el consumo o trafico de drogas o cualquier sustancia il\u00edcita, alcohol, cigarrillos, apuestas. No se aceptan anuncios de sustancias qu\u00edmicas ilegales. No se aceptan anuncios acerca de trabajos de adivinaci\u00f3n, tarot o brujer\u00eda. <a href=\"https:\/\/veneportal.com\/terminos-y-condiciones\/\" target=\"_blank\" rel=\"noopener\">Ver mas<\/a><\/p>                        <\/div>\n                    <\/div>\n                                    <div class=\"tab-pane elementkit-tab-pane elementor-repeater-item-091efbc  active show\" id=\"content-091efbc69e4408d19b93\" role=\"tabpanel\"\n                         aria-labelledby=\"content-091efbc69e4408d19b93-tab\">\n                        <div class=\"animated fadeIn\">\n                            <p>Si aun no tiene una cuenta <a href=\"https:\/\/veneportal.com\/clasificados\/my-account\/\">Haga click aqui para Registrarse<\/a> y comenzar a publicar<\/p>                        <\/div>\n                    <\/div>\n                                    <div class=\"tab-pane elementkit-tab-pane elementor-repeater-item-ea4ebe6 \" id=\"content-ea4ebe669e4408d19b93\" role=\"tabpanel\"\n                         aria-labelledby=\"content-ea4ebe669e4408d19b93-tab\">\n                        <div class=\"animated fadeIn\">\n                            <p>Anuncie totalmente gratis desde cualquier ciudad del mundo<\/p>                        <\/div>\n                    <\/div>\n                                    <div class=\"tab-pane elementkit-tab-pane elementor-repeater-item-74ea57f \" id=\"content-74ea57f69e4408d19b93\" role=\"tabpanel\"\n                         aria-labelledby=\"content-74ea57f69e4408d19b93-tab\">\n                        <div class=\"animated fadeIn\">\n                            <p>Gane jugosas comisiones vendiendo nuestros productos publicitarios entre sus contactos. <a href=\"https:\/\/veneportal.com\/affiliate-program-veneportal\/\" target=\"_blank\" rel=\"noopener\">Ver mas<\/a><\/p>                        <\/div>\n                    <\/div>\n                                \n            <\/div>\n                    <\/div>\n    <\/div>\t\t\t\t<\/div>\n\t\t\t\t<\/div>\n\t\t\t\t<div class=\"elementor-element elementor-element-50eea3a4 elementor-widget elementor-widget-shortcode\" data-id=\"50eea3a4\" data-element_type=\"widget\" data-e-type=\"widget\" data-widget_type=\"shortcode.default\">\n\t\t\t\t<div class=\"elementor-widget-container\">\n\t\t\t\t\t\t\t<div class=\"elementor-shortcode\"><div class=\"rtcl\"><div class=\"rtcl rtcl-login-form-wrap\" >\n\t\t\n\t<div class=\"rtcl-tab rtcl-tab-login\">\n\t\t\t\t<div class=\"rtcl-tab-content\">\n\t\t\t<div id=\"rtcl-email-login\" class=\"rtcl-tab-pane active\">\n\t<form id=\"rtcl-login-form\" class=\"form-horizontal\" method=\"post\">\n\t\t\t\t<div class=\"rtcl-form-group\">\n\t\t\t<label for=\"rtcl-user-login\" class=\"rtcl-field-label\">\n\t\t\t\tUsuario o Email\t\t\t\t<strong class=\"rtcl-required\">*<\/strong>\n\t\t\t<\/label>\n\t\t\t<input type=\"text\" name=\"username\" autocomplete=\"username\"\n\t\t\t\t   value=\"\"\n\t\t\t\t   id=\"rtcl-user-login\" class=\"rtcl-form-control\" required\/>\n\t\t<\/div>\n\n\t\t<div class=\"rtcl-form-group\">\n\t\t\t<label for=\"rtcl-user-pass\" class=\"rtcl-field-label\">\n\t\t\t\tContrase\u00f1a\t\t\t\t<strong class=\"rtcl-required\">*<\/strong>\n\t\t\t<\/label>\n\t\t\t<div class=\"rtcl-user-pass-wrap\">\n\t\t\t\t<input type=\"password\" name=\"password\" id=\"rtcl-user-pass\" autocomplete=\"current-password\"\n\t\t\t\t\t   class=\"rtcl-form-control\" required\/>\n\t\t\t\t<span class=\"rtcl-toggle-pass rtcl-icon-eye-off\"><\/span>\n\t\t\t<\/div>\n\t\t<\/div>\n\n\t\t\n\t\t<div class=\"rtcl-form-group\">\n\t\t\t<div id=\"rtcl-login-g-recaptcha\"><\/div>\n\t\t\t<div id=\"rtcl-login-g-recaptcha-message\"><\/div>\n\t\t<\/div>\n\n\t\t<div class=\"rtcl-form-group rtcl-login-form-submit-wrap\">\n\n\t\t\t<button type=\"submit\" name=\"rtcl-login\" class=\"rtcl-btn\" value=\"login\">\n\t\t\t\tLogin\t\t\t<\/button>\n\t\t\t<div class=\"rtcl-checkbox-list\">\n\t\t\t\t<label class=\"rtcl-check\" for=\"rtcl-rememberme\">\n\t\t\t\t\t<input type=\"checkbox\" id=\"rtcl-rememberme\" name=\"rememberme\" value=\"forever\">\n\t\t\t\t\t<span class=\"rtcl-check-box\"><\/span>\n\t\t\t\t\t<span class=\"rtcl-check-label\">Recordarme?<\/span>\n\t\t\t\t<\/label>\n\t\t\t<\/div>\n\t\t<\/div>\n\t\t<input type=\"hidden\" id=\"rtcl-login-nonce\" name=\"rtcl-login-nonce\" value=\"d00cf62cfd\" \/><input type=\"hidden\" name=\"_wp_http_referer\" value=\"\/clasificados\/wp-json\/wp\/v2\/pages\/2363\" \/><input type=\"hidden\" name=\"redirect_to\" value=\"https:\/\/veneportal.com\/clasificados\/wp-json\/wp\/v2\/pages\/2363\" \/>\t<\/form>\n\t\t\t<div class=\"rtcl-form-group-no-margin-bottom\">\n\t\t\t<p class=\"rtcl-forgot-password\">\n\t\t\t\t\t\t\t\t\t<a class=\"register-link\" href=\"https:\/\/veneportal.com\/clasificados\/my-account\/\">Registrese<\/a><span>|<\/span>\n\t\t\t\t\t\t\t\t<a href=\"https:\/\/veneportal.com\/clasificados\/my-account\/lost-password\/\">Olvid\u00f3 su contrase\u00f1a?<\/a>\n\n\t\t\t<\/p>\n\t\t<\/div>\n\t\t<\/div>\t\t<\/div>\n\t<\/div>\n<\/div>\n<\/div><\/div>\n\t\t\t\t\t\t<\/div>\n\t\t\t\t<\/div>\n\t\t\t\t\t<\/div>\n\t\t<\/div>\n\t\t\t\t\t<\/div>\n\t\t<\/section>\n\t\t\t\t<\/div>\n\t\t","protected":false},"excerpt":{"rendered":"<p>No permitidos Registrarse Gratis Gane dinero PROHIBITED:\u00a0 CHEMICAL PRODUCTS, MEDICINES, ABORTION PILLS, ILLICIT DRUGS, MAGIC, SPELLS, SORCERY OR WITCHCRAFT SERVICES, SEX ADS AND OTHER ILLEGAL ITEMS ARE PROHIBITED AND WILL BE DELETED IMMEDIATELY AND USERS SUSPENDED. More Info: See Terms ATENCION: No se permiten anuncios de:\u00a0 contenido sexual, pornogr\u00e1fico, xenof\u00f3bico,\u00a0 discriminatorios de cualquier tipo como<\/p>\n","protected":false},"author":1,"featured_media":0,"parent":0,"menu_order":0,"comment_status":"closed","ping_status":"closed","template":"","meta":{"_rtcl_gb_attr":"","footnotes":""},"class_list":["post-2363","page","type-page","status-publish","hentry"],"_links":{"self":[{"href":"https:\/\/veneportal.com\/clasificados\/wp-json\/wp\/v2\/pages\/2363","targetHints":{"allow":["GET"]}}],"collection":[{"href":"https:\/\/veneportal.com\/clasificados\/wp-json\/wp\/v2\/pages"}],"about":[{"href":"https:\/\/veneportal.com\/clasificados\/wp-json\/wp\/v2\/types\/page"}],"author":[{"embeddable":true,"href":"https:\/\/veneportal.com\/clasificados\/wp-json\/wp\/v2\/users\/1"}],"replies":[{"embeddable":true,"href":"https:\/\/veneportal.com\/clasificados\/wp-json\/wp\/v2\/comments?post=2363"}],"version-history":[{"count":24,"href":"https:\/\/veneportal.com\/clasificados\/wp-json\/wp\/v2\/pages\/2363\/revisions"}],"predecessor-version":[{"id":20072,"href":"https:\/\/veneportal.com\/clasificados\/wp-json\/wp\/v2\/pages\/2363\/revisions\/20072"}],"wp:attachment":[{"href":"https:\/\/veneportal.com\/clasificados\/wp-json\/wp\/v2\/media?parent=2363"}],"curies":[{"name":"wp","href":"https:\/\/api.w.org\/{rel}","templated":true}]}}